{"id":987,"date":"2025-09-08T11:10:46","date_gmt":"2025-09-08T09:10:46","guid":{"rendered":"https:\/\/casanurestaurant.com\/geschenkkarte\/"},"modified":"2025-11-03T12:07:54","modified_gmt":"2025-11-03T10:07:54","slug":"geschenkkarte","status":"publish","type":"page","link":"https:\/\/casanurestaurant.com\/de\/geschenkkarte\/","title":{"rendered":"Geschenkkarte"},"content":{"rendered":"\t\t<div data-elementor-type=\"wp-page\" data-elementor-id=\"987\" class=\"elementor elementor-987 elementor-569\" data-elementor-post-type=\"page\">\n\t\t\t\t<div class=\"elementor-element elementor-element-c535641 e-flex e-con-boxed e-con e-parent\" data-id=\"c535641\" data-element_type=\"container\" data-settings=\"{&quot;background_background&quot;:&quot;classic&quot;,&quot;shape_divider_bottom&quot;:&quot;tilt&quot;}\">\n\t\t\t\t\t<div class=\"e-con-inner\">\n\t\t\t\t<div class=\"elementor-shape elementor-shape-bottom\" aria-hidden=\"true\" data-negative=\"false\">\n\t\t\t<svg xmlns=\"http:\/\/www.w3.org\/2000\/svg\" viewBox=\"0 0 1000 100\" preserveAspectRatio=\"none\">\n\t<path class=\"elementor-shape-fill\" d=\"M0,6V0h1000v100L0,6z\"\/>\n<\/svg>\t\t<\/div>\n\t\t\t\t\t<\/div>\n\t\t\t\t<\/div>\n\t\t<div class=\"elementor-element elementor-element-e17f809 e-con-full e-flex e-con e-parent\" data-id=\"e17f809\" data-element_type=\"container\">\n\t\t<div class=\"elementor-element elementor-element-a3216cb e-con-full e-flex e-con e-child\" data-id=\"a3216cb\" data-element_type=\"container\">\n\t\t\t\t<div class=\"elementor-element elementor-element-edcde15 elementor-widget-divider--view-line elementor-widget elementor-widget-divider\" data-id=\"edcde15\" data-element_type=\"widget\" data-widget_type=\"divider.default\">\n\t\t\t\t\t\t\t<div class=\"elementor-divider\">\n\t\t\t<span class=\"elementor-divider-separator\">\n\t\t\t\t\t\t<\/span>\n\t\t<\/div>\n\t\t\t\t\t\t<\/div>\n\t\t<div class=\"elementor-element elementor-element-9e9ab9a e-con-full e-flex e-con e-child\" data-id=\"9e9ab9a\" data-element_type=\"container\">\n\t\t\t\t<div class=\"elementor-element elementor-element-96f355c elementor-widget elementor-widget-heading\" data-id=\"96f355c\" data-element_type=\"widget\" data-widget_type=\"heading.default\">\n\t\t\t\t\t<h2 class=\"elementor-heading-title elementor-size-default\">Verschenken <\/br><span style=\"color: #BCAF87\">Sie eine Reise <\/span> <\/br> nach Armenien<\/h2>\t\t\t\t<\/div>\n\t\t\t\t<div class=\"elementor-element elementor-element-e8eafbc elementor-widget elementor-widget-text-editor\" data-id=\"e8eafbc\" data-element_type=\"widget\" data-elementor-open-popup=\"yes\" data-widget_type=\"text-editor.default\">\n\t\t\t\t\t\t\t\t\t<p>Verschenken Sie eine Reise nach Armenien \u2013 mit unserem Geschenkgutschein<\/p>\n<p>Manche Geschenke geraten in Vergessenheit \u2026 und manche Erlebnisse bleiben f\u00fcr immer im Herzen. Mit dem Geschenkgutschein unserer armenischen Trattoria in Bozen verschenken Sie nicht einfach nur ein Mittag- oder Abendessen. Sie schenken eine Reise durch authentische Aromen, warme Farben und D\u00fcfte, die Geschichten aus l\u00e4ngst vergangenen Zeiten erz\u00e4hlen \u2013 und das alles, ohne die Stadt zu verlassen.<\/p>\n\t\t\t\t\t\t\t\t<\/div>\n\t\t\t\t<div class=\"elementor-element elementor-element-5d8a7bf elementor-hidden-mobile elementor-widget elementor-widget-image\" data-id=\"5d8a7bf\" data-element_type=\"widget\" data-settings=\"{&quot;motion_fx_motion_fx_scrolling&quot;:&quot;yes&quot;,&quot;motion_fx_translateY_effect&quot;:&quot;yes&quot;,&quot;motion_fx_translateY_speed&quot;:{&quot;unit&quot;:&quot;px&quot;,&quot;size&quot;:1,&quot;sizes&quot;:[]},&quot;motion_fx_translateX_effect&quot;:&quot;yes&quot;,&quot;motion_fx_translateX_direction&quot;:&quot;negative&quot;,&quot;motion_fx_translateX_speed&quot;:{&quot;unit&quot;:&quot;px&quot;,&quot;size&quot;:1,&quot;sizes&quot;:[]},&quot;motion_fx_translateX_affectedRange&quot;:{&quot;unit&quot;:&quot;%&quot;,&quot;size&quot;:&quot;&quot;,&quot;sizes&quot;:{&quot;start&quot;:0,&quot;end&quot;:56}},&quot;motion_fx_translateY_affectedRange&quot;:{&quot;unit&quot;:&quot;%&quot;,&quot;size&quot;:&quot;&quot;,&quot;sizes&quot;:{&quot;start&quot;:0,&quot;end&quot;:100}},&quot;motion_fx_devices&quot;:[&quot;desktop&quot;,&quot;tablet&quot;,&quot;mobile&quot;]}\" data-widget_type=\"image.default\">\n\t\t\t\t\t\t\t\t\t\t\t\t\t\t\t<img fetchpriority=\"high\" decoding=\"async\" width=\"502\" height=\"295\" src=\"https:\/\/casanurestaurant.com\/wp-content\/uploads\/2025\/09\/IMG_0867.jpg\" class=\"attachment-full size-full wp-image-980\" alt=\"\" srcset=\"https:\/\/casanurestaurant.com\/wp-content\/uploads\/2025\/09\/IMG_0867.jpg 502w, https:\/\/casanurestaurant.com\/wp-content\/uploads\/2025\/09\/IMG_0867-300x176.jpg 300w\" sizes=\"(max-width: 502px) 100vw, 502px\" \/>\t\t\t\t\t\t\t\t\t\t\t\t\t\t\t<\/div>\n\t\t\t\t<div class=\"elementor-element elementor-element-2809ba4 elementor-flip-box--direction-left elementor-hidden-desktop elementor-hidden-tablet elementor-flip-box--effect-flip elementor-widget elementor-widget-flip-box\" data-id=\"2809ba4\" data-element_type=\"widget\" data-widget_type=\"flip-box.default\">\n\t\t\t\t\t\t\t<div class=\"elementor-flip-box\" tabindex=\"0\">\n\t\t\t<div class=\"elementor-flip-box__layer elementor-flip-box__front\">\n\t\t\t\t<div class=\"elementor-flip-box__layer__overlay\">\n\t\t\t\t\t<div class=\"elementor-flip-box__layer__inner\">\n\t\t\t\t\t\t\n\t\t\t\t\t\t\n\t\t\t\t\t\t\t\t\t\t\t<\/div>\n\t\t\t\t<\/div>\n\t\t\t<\/div>\n\t\t\t<div class=\"elementor-flip-box__layer elementor-flip-box__back\">\n\t\t\t<div class=\"elementor-flip-box__layer__overlay\">\n\t\t\t\t<div class=\"elementor-flip-box__layer__inner\">\n\t\t\t\t\t\n\t\t\t\t\t\n\t\t\t\t\t\t\t\t<\/div>\n\t\t<\/div>\n\t\t<\/div>\n\t\t<\/div>\n\t\t\t\t\t\t<\/div>\n\t\t\t\t<\/div>\n\t\t\t\t<\/div>\n\t\t<div class=\"elementor-element elementor-element-7b0184d e-con-full e-flex e-con e-child\" data-id=\"7b0184d\" data-element_type=\"container\">\n\t\t\t\t<div class=\"elementor-element elementor-element-1fc2667 elementor-hidden-mobile elementor-widget elementor-widget-image\" data-id=\"1fc2667\" data-element_type=\"widget\" data-settings=\"{&quot;motion_fx_motion_fx_scrolling&quot;:&quot;yes&quot;,&quot;motion_fx_translateY_effect&quot;:&quot;yes&quot;,&quot;motion_fx_translateY_speed&quot;:{&quot;unit&quot;:&quot;px&quot;,&quot;size&quot;:2,&quot;sizes&quot;:[]},&quot;motion_fx_translateY_affectedRange&quot;:{&quot;unit&quot;:&quot;%&quot;,&quot;size&quot;:&quot;&quot;,&quot;sizes&quot;:{&quot;start&quot;:0,&quot;end&quot;:33}},&quot;motion_fx_translateX_effect&quot;:&quot;yes&quot;,&quot;motion_fx_translateX_speed&quot;:{&quot;unit&quot;:&quot;px&quot;,&quot;size&quot;:2,&quot;sizes&quot;:[]},&quot;motion_fx_translateX_affectedRange&quot;:{&quot;unit&quot;:&quot;%&quot;,&quot;size&quot;:&quot;&quot;,&quot;sizes&quot;:{&quot;start&quot;:0,&quot;end&quot;:36}},&quot;motion_fx_devices&quot;:[&quot;desktop&quot;,&quot;tablet&quot;,&quot;mobile&quot;]}\" data-widget_type=\"image.default\">\n\t\t\t\t\t\t\t\t\t\t\t\t\t\t\t<img decoding=\"async\" width=\"502\" height=\"295\" src=\"https:\/\/casanurestaurant.com\/wp-content\/uploads\/2025\/09\/IMG_0868.jpg\" class=\"attachment-full size-full wp-image-981\" alt=\"\" srcset=\"https:\/\/casanurestaurant.com\/wp-content\/uploads\/2025\/09\/IMG_0868.jpg 502w, https:\/\/casanurestaurant.com\/wp-content\/uploads\/2025\/09\/IMG_0868-300x176.jpg 300w\" sizes=\"(max-width: 502px) 100vw, 502px\" \/>\t\t\t\t\t\t\t\t\t\t\t\t\t\t\t<\/div>\n\t\t\t\t<div class=\"elementor-element elementor-element-9f42f7f elementor-widget elementor-widget-text-editor\" data-id=\"9f42f7f\" data-element_type=\"widget\" data-elementor-open-popup=\"yes\" data-widget_type=\"text-editor.default\">\n\t\t\t\t\t\t\t\t\t<p>Stellen Sie sich vor, Sie schenken Ihren Liebsten:<\/p>\n<p>\u2713 die Kreativit\u00e4t von K\u00fcchenchef Raz, der traditionelle Gerichte mit Leidenschaft und Kunstfertigkeit neu interpretiert,<\/p>\n<p>\u2713 die einladende Atmosph\u00e4re, die Sie in ein armenisches Zuhause entf\u00fchrt,<\/p>\n<p>\u2713 die lebendige Kultur eines jahrtausendealten Volkes, die sich in jedem Detail widerspiegelt \u2013 vom Gericht bis zum Ambiente.<\/p>\n\t\t\t\t\t\t\t\t<\/div>\n\t\t\t\t<div class=\"elementor-element elementor-element-d1d55aa elementor-align-center elementor-widget elementor-widget-button\" data-id=\"d1d55aa\" data-element_type=\"widget\" data-widget_type=\"button.default\">\n\t\t\t\t\t\t\t\t\t\t<a class=\"elementor-button elementor-button-link elementor-size-sm\" href=\"tel:+390471362208\" id=\"allergen\">\n\t\t\t\t\t\t<span class=\"elementor-button-content-wrapper\">\n\t\t\t\t\t\t<span class=\"elementor-button-icon\">\n\t\t\t\t<svg aria-hidden=\"true\" class=\"e-font-icon-svg e-fas-phone-volume\" viewBox=\"0 0 384 512\" xmlns=\"http:\/\/www.w3.org\/2000\/svg\"><path d=\"M97.333 506.966c-129.874-129.874-129.681-340.252 0-469.933 5.698-5.698 14.527-6.632 21.263-2.422l64.817 40.513a17.187 17.187 0 0 1 6.849 20.958l-32.408 81.021a17.188 17.188 0 0 1-17.669 10.719l-55.81-5.58c-21.051 58.261-20.612 122.471 0 179.515l55.811-5.581a17.188 17.188 0 0 1 17.669 10.719l32.408 81.022a17.188 17.188 0 0 1-6.849 20.958l-64.817 40.513a17.19 17.19 0 0 1-21.264-2.422zM247.126 95.473c11.832 20.047 11.832 45.008 0 65.055-3.95 6.693-13.108 7.959-18.718 2.581l-5.975-5.726c-3.911-3.748-4.793-9.622-2.261-14.41a32.063 32.063 0 0 0 0-29.945c-2.533-4.788-1.65-10.662 2.261-14.41l5.975-5.726c5.61-5.378 14.768-4.112 18.718 2.581zm91.787-91.187c60.14 71.604 60.092 175.882 0 247.428-4.474 5.327-12.53 5.746-17.552.933l-5.798-5.557c-4.56-4.371-4.977-11.529-.93-16.379 49.687-59.538 49.646-145.933 0-205.422-4.047-4.85-3.631-12.008.93-16.379l5.798-5.557c5.022-4.813 13.078-4.394 17.552.933zm-45.972 44.941c36.05 46.322 36.108 111.149 0 157.546-4.39 5.641-12.697 6.251-17.856 1.304l-5.818-5.579c-4.4-4.219-4.998-11.095-1.285-15.931 26.536-34.564 26.534-82.572 0-117.134-3.713-4.836-3.115-11.711 1.285-15.931l5.818-5.579c5.159-4.947 13.466-4.337 17.856 1.304z\"><\/path><\/svg>\t\t\t<\/span>\n\t\t\t\t\t\t\t\t\t<span class=\"elementor-button-text\">Rufen Sie an, um einen Tisch zu reservieren.<\/span>\n\t\t\t\t\t<\/span>\n\t\t\t\t\t<\/a>\n\t\t\t\t\t\t\t\t<\/div>\n\t\t\t\t<\/div>\n\t\t\t\t<\/div>\n\t\t<div class=\"elementor-element elementor-element-0d167d7 e-con-full e-flex e-con e-parent\" data-id=\"0d167d7\" data-element_type=\"container\" data-settings=\"{&quot;background_background&quot;:&quot;classic&quot;}\">\n\t\t<div class=\"elementor-element elementor-element-a7ec010 e-con-full e-flex e-con e-child\" data-id=\"a7ec010\" data-element_type=\"container\" data-settings=\"{&quot;background_background&quot;:&quot;classic&quot;}\">\n\t\t\t\t<div class=\"elementor-element elementor-element-e0e2e49 elementor-widget elementor-widget-text-editor\" data-id=\"e0e2e49\" data-element_type=\"widget\" data-elementor-open-popup=\"yes\" data-widget_type=\"text-editor.default\">\n\t\t\t\t\t\t\t\t\t<p>Jeder Geschenkgutschein ist eine Einladung, Armenien mit Herz und Gaumen zu entdecken \u2013 perfekt f\u00fcr ein romantisches Abendessen, einen Geburtstag, einen Jahrestag oder einfach, um auf besondere Weise \u201eIch denke an dich\u201c zu sagen.<\/p>\n<p>So funktioniert es:<\/p>\n<p>Schritt 1: Besuchen Sie uns direkt in unserem Restaurant.<\/p>\n<p>Schritt 2: W\u00e4hlen Sie den gew\u00fcnschten Betrag.<\/p>\n<p>Schritt 3: Wir legen gemeinsam das Ablaufdatum fest.<\/p>\n<p>Schritt 4: Und in wenigen Minuten ist Ihr Geschenkgutschein fertig!<\/p>\n\t\t\t\t\t\t\t\t<\/div>\n\t\t\t\t<\/div>\n\t\t\t\t<\/div>\n\t\t<div class=\"elementor-element elementor-element-9aeaeec e-con-full e-flex e-con e-parent\" data-id=\"9aeaeec\" data-element_type=\"container\">\n\t\t<div class=\"elementor-element elementor-element-da7d5c6 e-con-full elementor-hidden-mobile e-flex e-con e-child\" data-id=\"da7d5c6\" data-element_type=\"container\">\n\t\t\t\t<\/div>\n\t\t<div class=\"elementor-element elementor-element-bd66209 e-con-full e-flex e-con e-child\" data-id=\"bd66209\" data-element_type=\"container\" data-settings=\"{&quot;background_background&quot;:&quot;classic&quot;}\">\n\t\t\t\t<div class=\"elementor-element elementor-element-b3a0b57 elementor-widget elementor-widget-text-editor\" data-id=\"b3a0b57\" data-element_type=\"widget\" data-widget_type=\"text-editor.default\">\n\t\t\t\t\t\t\t\t\t<p>Denn die besten Geschenke \u2026 sind essbar! Besuchen Sie uns und \u00fcberraschen Sie Ihre Lieben mit einer kulinarischen Reise durch Armenien.<\/p>\n\t\t\t\t\t\t\t\t<\/div>\n\t\t\t\t<div class=\"elementor-element elementor-element-1e48086 elementor-align-center elementor-mobile-align-center elementor-widget elementor-widget-button\" data-id=\"1e48086\" data-element_type=\"widget\" data-widget_type=\"button.default\">\n\t\t\t\t\t\t\t\t\t\t<a class=\"elementor-button elementor-button-link elementor-size-sm\" href=\"https:\/\/casanurestaurant.com\/de\/unsere-menues\/\">\n\t\t\t\t\t\t<span class=\"elementor-button-content-wrapper\">\n\t\t\t\t\t\t\t\t\t<span class=\"elementor-button-text\">Sehen Sie sich unsere Men\u00fcs an<\/span>\n\t\t\t\t\t<\/span>\n\t\t\t\t\t<\/a>\n\t\t\t\t\t\t\t\t<\/div>\n\t\t\t\t<\/div>\n\t\t<div class=\"elementor-element elementor-element-d641d9a e-con-full e-flex e-con e-child\" data-id=\"d641d9a\" data-element_type=\"container\">\n\t\t\t\t<\/div>\n\t\t\t\t<\/div>\n\t\t\t\t<\/div>\n\t\t","protected":false},"excerpt":{"rendered":"<p>Verschenken Sie eine Reise nach Armenien Verschenken Sie eine Reise nach Armenien \u2013 mit unserem Geschenkgutschein Manche Geschenke geraten in Vergessenheit \u2026 und manche Erlebnisse bleiben f\u00fcr immer im Herzen. Mit dem Geschenkgutschein unserer armenischen Trattoria in Bozen verschenken Sie nicht einfach nur ein Mittag- oder Abendessen. Sie schenken eine Reise durch authentische Aromen, warme [&hellip;]<\/p>\n","protected":false},"author":4,"featured_media":976,"parent":0,"menu_order":0,"comment_status":"closed","ping_status":"closed","template":"elementor_header_footer","meta":{"two_page_speed":[],"footnotes":""},"class_list":["post-987","page","type-page","status-publish","has-post-thumbnail","hentry","entry","has-media"],"_links":{"self":[{"href":"https:\/\/casanurestaurant.com\/de\/wp-json\/wp\/v2\/pages\/987","targetHints":{"allow":["GET"]}}],"collection":[{"href":"https:\/\/casanurestaurant.com\/de\/wp-json\/wp\/v2\/pages"}],"about":[{"href":"https:\/\/casanurestaurant.com\/de\/wp-json\/wp\/v2\/types\/page"}],"author":[{"embeddable":true,"href":"https:\/\/casanurestaurant.com\/de\/wp-json\/wp\/v2\/users\/4"}],"replies":[{"embeddable":true,"href":"https:\/\/casanurestaurant.com\/de\/wp-json\/wp\/v2\/comments?post=987"}],"version-history":[{"count":0,"href":"https:\/\/casanurestaurant.com\/de\/wp-json\/wp\/v2\/pages\/987\/revisions"}],"wp:featuredmedia":[{"embeddable":true,"href":"https:\/\/casanurestaurant.com\/de\/wp-json\/wp\/v2\/media\/976"}],"wp:attachment":[{"href":"https:\/\/casanurestaurant.com\/de\/wp-json\/wp\/v2\/media?parent=987"}],"curies":[{"name":"wp","href":"https:\/\/api.w.org\/{rel}","templated":true}]}}